{"id":1067,"date":"2023-02-27T15:59:58","date_gmt":"2023-02-27T14:59:58","guid":{"rendered":"https:\/\/c2eg.fr\/?page_id=1067"},"modified":"2025-07-09T08:48:32","modified_gmt":"2025-07-09T06:48:32","slug":"actualites","status":"publish","type":"page","link":"https:\/\/c2eg.fr\/index.php\/actualites\/","title":{"rendered":"Actualit\u00e9s"},"content":{"rendered":"\t\t<div data-elementor-type=\"wp-page\" data-elementor-id=\"1067\" class=\"elementor elementor-1067\">\n\t\t\t\t\t\t<section class=\"elementor-section elementor-top-section elementor-element elementor-element-b4138a8 elementor-section-boxed elementor-section-height-default elementor-section-height-default\" data-id=\"b4138a8\" data-element_type=\"section\" data-e-type=\"section\">\n\t\t\t\t\t\t<div class=\"elementor-container elementor-column-gap-default\">\n\t\t\t\t\t<div class=\"elementor-column elementor-col-100 elementor-top-column elementor-element elementor-element-189d221\" data-id=\"189d221\" data-element_type=\"column\" data-e-type=\"column\">\n\t\t\t<div class=\"elementor-widget-wrap elementor-element-populated\">\n\t\t\t\t\t\t<div class=\"elementor-element elementor-element-b73d9bb elementor-widget elementor-widget-heading\" data-id=\"b73d9bb\" data-element_type=\"widget\" data-e-type=\"widget\" data-widget_type=\"heading.default\">\n\t\t\t\t<div class=\"elementor-widget-container\">\n\t\t\t\t\t<h2 class=\"elementor-heading-title elementor-size-default\">Les derni\u00e8res news !<\/h2>\t\t\t\t<\/div>\n\t\t\t\t<\/div>\n\t\t\t\t\t<\/div>\n\t\t<\/div>\n\t\t\t\t\t<\/div>\n\t\t<\/section>\n\t\t\t\t<section class=\"elementor-section elementor-top-section elementor-element elementor-element-efe3e54 elementor-section-boxed elementor-section-height-default elementor-section-height-default\" data-id=\"efe3e54\" data-element_type=\"section\" data-e-type=\"section\">\n\t\t\t\t\t\t<div class=\"elementor-container elementor-column-gap-default\">\n\t\t\t\t\t<div class=\"elementor-column elementor-col-50 elementor-top-column elementor-element elementor-element-16baf30\" data-id=\"16baf30\" data-element_type=\"column\" data-e-type=\"column\">\n\t\t\t<div class=\"elementor-widget-wrap elementor-element-populated\">\n\t\t\t\t\t\t<div class=\"elementor-element elementor-element-52d2c24 elementor-widget elementor-widget-text-editor\" data-id=\"52d2c24\" data-element_type=\"widget\" data-e-type=\"widget\" data-widget_type=\"text-editor.default\">\n\t\t\t\t<div class=\"elementor-widget-container\">\n\t\t\t\t\t\t\t\t\t<div id=\"9\">\u00a0<\/div><div class=\"postbody\"><h3 class=\"topic-title\"><a href=\"https:\/\/c2eg.forumactif.com\/t5-petits-dej-du-club#9\"><span style=\"color: #ff6600;\">Petits D\u00e8j du Club<\/span><\/a><\/h3><p class=\"author\"><img decoding=\"async\" class=\"sprite-icon_post_target\" title=\"Message\" src=\"https:\/\/2img.net\/i\/empty.gif\" alt=\"Message\" \/>\u00a0par\u00a0<a href=\"https:\/\/c2eg.forumactif.com\/u1\"><strong>Admin<\/strong><\/a> Aujourd&rsquo;hui \u00e0 8:42<\/p><div class=\"clearfix\">\u00a0<\/div><div class=\"content clearfix\"><div><p>Un premier petit D\u00e8j s&rsquo;est d\u00e9roul\u00e9 le vendredi 27 juin dernier au Campus Connect\u00e9 de Valr\u00e9as.<\/p><p>Ce sympathique moment aura une suite le <strong>vendredi 19 septembre prochain<\/strong>.<\/p><p>Ils devraient avoir lieu le 3 \u00e8me vendredi de chaque mois.<\/p><\/div><\/div><\/div>\t\t\t\t\t\t\t\t<\/div>\n\t\t\t\t<\/div>\n\t\t\t\t\t<\/div>\n\t\t<\/div>\n\t\t\t\t<div class=\"elementor-column elementor-col-50 elementor-top-column elementor-element elementor-element-d582b7c\" data-id=\"d582b7c\" data-element_type=\"column\" data-e-type=\"column\">\n\t\t\t<div class=\"elementor-widget-wrap elementor-element-populated\">\n\t\t\t\t\t\t<div class=\"elementor-element elementor-element-25a814d elementor-widget elementor-widget-image\" data-id=\"25a814d\" data-element_type=\"widget\" data-e-type=\"widget\" data-widget_type=\"image.default\">\n\t\t\t\t<div class=\"elementor-widget-container\">\n\t\t\t\t\t\t\t\t\t\t\t\t\t\t\t<img fetchpriority=\"high\" decoding=\"async\" width=\"700\" height=\"467\" src=\"https:\/\/c2eg.fr\/wp-content\/uploads\/2025\/07\/ptidej1-1024x683.png\" class=\"attachment-large size-large wp-image-9832\" alt=\"\" srcset=\"https:\/\/c2eg.fr\/wp-content\/uploads\/2025\/07\/ptidej1-1024x683.png 1024w, https:\/\/c2eg.fr\/wp-content\/uploads\/2025\/07\/ptidej1-300x200.png 300w, https:\/\/c2eg.fr\/wp-content\/uploads\/2025\/07\/ptidej1-768x512.png 768w, https:\/\/c2eg.fr\/wp-content\/uploads\/2025\/07\/ptidej1.png 1246w\" sizes=\"(max-width: 700px) 100vw, 700px\" \/>\t\t\t\t\t\t\t\t\t\t\t\t\t\t\t<\/div>\n\t\t\t\t<\/div>\n\t\t\t\t<div class=\"elementor-element elementor-element-ae3fb1e elementor-widget elementor-widget-image\" data-id=\"ae3fb1e\" data-element_type=\"widget\" data-e-type=\"widget\" data-widget_type=\"image.default\">\n\t\t\t\t<div class=\"elementor-widget-container\">\n\t\t\t\t\t\t\t\t\t\t\t\t\t\t\t<img decoding=\"async\" width=\"700\" height=\"466\" src=\"https:\/\/c2eg.fr\/wp-content\/uploads\/2025\/07\/ptidej2-1024x682.png\" class=\"attachment-large size-large wp-image-9833\" alt=\"\" srcset=\"https:\/\/c2eg.fr\/wp-content\/uploads\/2025\/07\/ptidej2-1024x682.png 1024w, https:\/\/c2eg.fr\/wp-content\/uploads\/2025\/07\/ptidej2-300x200.png 300w, https:\/\/c2eg.fr\/wp-content\/uploads\/2025\/07\/ptidej2-768x512.png 768w, https:\/\/c2eg.fr\/wp-content\/uploads\/2025\/07\/ptidej2.png 1463w\" sizes=\"(max-width: 700px) 100vw, 700px\" \/>\t\t\t\t\t\t\t\t\t\t\t\t\t\t\t<\/div>\n\t\t\t\t<\/div>\n\t\t\t\t\t<\/div>\n\t\t<\/div>\n\t\t\t\t\t<\/div>\n\t\t<\/section>\n\t\t\t\t<section class=\"elementor-section elementor-top-section elementor-element elementor-element-011651b elementor-section-boxed elementor-section-height-default elementor-section-height-default\" data-id=\"011651b\" data-element_type=\"section\" data-e-type=\"section\">\n\t\t\t\t\t\t<div class=\"elementor-container elementor-column-gap-default\">\n\t\t\t\t\t<div class=\"elementor-column elementor-col-50 elementor-top-column elementor-element elementor-element-ada5e6f\" data-id=\"ada5e6f\" data-element_type=\"column\" data-e-type=\"column\">\n\t\t\t<div class=\"elementor-widget-wrap elementor-element-populated\">\n\t\t\t\t\t\t<div class=\"elementor-element elementor-element-7995c5a elementor-widget elementor-widget-text-editor\" data-id=\"7995c5a\" data-element_type=\"widget\" data-e-type=\"widget\" data-widget_type=\"text-editor.default\">\n\t\t\t\t<div class=\"elementor-widget-container\">\n\t\t\t\t\t\t\t\t\t<h3><span style=\"color: #008080;\">Repas d&rsquo;entreprises<\/span><\/h3><p>Les repas d&rsquo;entreprises se poursuivent pour les adh\u00e9rents du club a raison d&rsquo;un par mois.<\/p><p>Les prochaines dates retenues sont les:<\/p><ul><li>mardi 3 juin 2025<\/li><li>mercredi 2 juillet 2025<\/li><li>jeudi 11 septembre 2025<\/li><li>lundi 6 octobre 2025<\/li><li>mardi 4 novembre 2025<\/li><li>mercredi 3 d\u00e9cembre 2025<\/li><\/ul><p>\u00a0<\/p>\t\t\t\t\t\t\t\t<\/div>\n\t\t\t\t<\/div>\n\t\t\t\t\t<\/div>\n\t\t<\/div>\n\t\t\t\t<div class=\"elementor-column elementor-col-50 elementor-top-column elementor-element elementor-element-2ccf054\" data-id=\"2ccf054\" data-element_type=\"column\" data-e-type=\"column\">\n\t\t\t<div class=\"elementor-widget-wrap elementor-element-populated\">\n\t\t\t\t\t\t<div class=\"elementor-element elementor-element-9a2193e elementor-widget elementor-widget-image\" data-id=\"9a2193e\" data-element_type=\"widget\" data-e-type=\"widget\" data-widget_type=\"image.default\">\n\t\t\t\t<div class=\"elementor-widget-container\">\n\t\t\t\t\t\t\t\t\t\t\t\t\t\t\t<img decoding=\"async\" width=\"700\" height=\"394\" src=\"https:\/\/c2eg.fr\/wp-content\/uploads\/2025\/05\/20250505_133944-1024x576.jpg\" class=\"attachment-large size-large wp-image-8993\" alt=\"\" srcset=\"https:\/\/c2eg.fr\/wp-content\/uploads\/2025\/05\/20250505_133944-1024x576.jpg 1024w, https:\/\/c2eg.fr\/wp-content\/uploads\/2025\/05\/20250505_133944-300x169.jpg 300w, https:\/\/c2eg.fr\/wp-content\/uploads\/2025\/05\/20250505_133944-768x432.jpg 768w, https:\/\/c2eg.fr\/wp-content\/uploads\/2025\/05\/20250505_133944-1536x864.jpg 1536w, https:\/\/c2eg.fr\/wp-content\/uploads\/2025\/05\/20250505_133944-2048x1152.jpg 2048w\" sizes=\"(max-width: 700px) 100vw, 700px\" \/>\t\t\t\t\t\t\t\t\t\t\t\t\t\t\t<\/div>\n\t\t\t\t<\/div>\n\t\t\t\t<div class=\"elementor-element elementor-element-5c3fdac elementor-widget elementor-widget-image\" data-id=\"5c3fdac\" data-element_type=\"widget\" data-e-type=\"widget\" data-widget_type=\"image.default\">\n\t\t\t\t<div class=\"elementor-widget-container\">\n\t\t\t\t\t\t\t\t\t\t\t\t\t\t\t<img loading=\"lazy\" decoding=\"async\" width=\"700\" height=\"394\" src=\"https:\/\/c2eg.fr\/wp-content\/uploads\/2025\/05\/20250109_193757-1024x576.jpg\" class=\"attachment-large size-large wp-image-8995\" alt=\"\" srcset=\"https:\/\/c2eg.fr\/wp-content\/uploads\/2025\/05\/20250109_193757-1024x576.jpg 1024w, https:\/\/c2eg.fr\/wp-content\/uploads\/2025\/05\/20250109_193757-300x169.jpg 300w, https:\/\/c2eg.fr\/wp-content\/uploads\/2025\/05\/20250109_193757-768x432.jpg 768w, https:\/\/c2eg.fr\/wp-content\/uploads\/2025\/05\/20250109_193757-1536x864.jpg 1536w, https:\/\/c2eg.fr\/wp-content\/uploads\/2025\/05\/20250109_193757-2048x1152.jpg 2048w\" sizes=\"(max-width: 700px) 100vw, 700px\" \/>\t\t\t\t\t\t\t\t\t\t\t\t\t\t\t<\/div>\n\t\t\t\t<\/div>\n\t\t\t\t\t<\/div>\n\t\t<\/div>\n\t\t\t\t\t<\/div>\n\t\t<\/section>\n\t\t\t\t<section class=\"elementor-section elementor-top-section elementor-element elementor-element-58e2ed9 elementor-section-boxed elementor-section-height-default elementor-section-height-default\" data-id=\"58e2ed9\" data-element_type=\"section\" data-e-type=\"section\">\n\t\t\t\t\t\t<div class=\"elementor-container elementor-column-gap-default\">\n\t\t\t\t\t<div class=\"elementor-column elementor-col-100 elementor-top-column elementor-element elementor-element-40c23d2\" data-id=\"40c23d2\" data-element_type=\"column\" data-e-type=\"column\">\n\t\t\t<div class=\"elementor-widget-wrap\">\n\t\t\t\t\t\t\t<\/div>\n\t\t<\/div>\n\t\t\t\t\t<\/div>\n\t\t<\/section>\n\t\t\t\t<section class=\"elementor-section elementor-top-section elementor-element elementor-element-4c93691 elementor-section-boxed elementor-section-height-default elementor-section-height-default\" data-id=\"4c93691\" data-element_type=\"section\" data-e-type=\"section\">\n\t\t\t\t\t\t<div class=\"elementor-container elementor-column-gap-default\">\n\t\t\t\t\t<div class=\"elementor-column elementor-col-33 elementor-top-column elementor-element elementor-element-53b615d\" data-id=\"53b615d\" data-element_type=\"column\" data-e-type=\"column\">\n\t\t\t<div class=\"elementor-widget-wrap elementor-element-populated\">\n\t\t\t\t\t\t<div class=\"elementor-element elementor-element-6b52b08 elementor-widget elementor-widget-image\" data-id=\"6b52b08\" data-element_type=\"widget\" data-e-type=\"widget\" data-widget_type=\"image.default\">\n\t\t\t\t<div class=\"elementor-widget-container\">\n\t\t\t\t\t\t\t\t\t\t\t\t\t\t\t<img loading=\"lazy\" decoding=\"async\" width=\"700\" height=\"936\" src=\"https:\/\/c2eg.fr\/wp-content\/uploads\/2023\/02\/IMG_20230223_185030-766x1024.jpg\" class=\"attachment-large size-large wp-image-1041\" alt=\"\" srcset=\"https:\/\/c2eg.fr\/wp-content\/uploads\/2023\/02\/IMG_20230223_185030-766x1024.jpg 766w, https:\/\/c2eg.fr\/wp-content\/uploads\/2023\/02\/IMG_20230223_185030-224x300.jpg 224w, https:\/\/c2eg.fr\/wp-content\/uploads\/2023\/02\/IMG_20230223_185030-768x1026.jpg 768w, https:\/\/c2eg.fr\/wp-content\/uploads\/2023\/02\/IMG_20230223_185030-1149x1536.jpg 1149w, https:\/\/c2eg.fr\/wp-content\/uploads\/2023\/02\/IMG_20230223_185030-1532x2048.jpg 1532w, https:\/\/c2eg.fr\/wp-content\/uploads\/2023\/02\/IMG_20230223_185030-scaled.jpg 1916w\" sizes=\"(max-width: 700px) 100vw, 700px\" \/>\t\t\t\t\t\t\t\t\t\t\t\t\t\t\t<\/div>\n\t\t\t\t<\/div>\n\t\t\t\t\t<\/div>\n\t\t<\/div>\n\t\t\t\t<div class=\"elementor-column elementor-col-33 elementor-top-column elementor-element elementor-element-1e9d252\" data-id=\"1e9d252\" data-element_type=\"column\" data-e-type=\"column\">\n\t\t\t<div class=\"elementor-widget-wrap elementor-element-populated\">\n\t\t\t\t\t\t<div class=\"elementor-element elementor-element-d092b77 elementor-widget elementor-widget-text-editor\" data-id=\"d092b77\" data-element_type=\"widget\" data-e-type=\"widget\" data-widget_type=\"text-editor.default\">\n\t\t\t\t<div class=\"elementor-widget-container\">\n\t\t\t\t\t\t\t\t\t<h3><span style=\"color: #008080;\">Atelier cuisine<\/span><\/h3>\t\t\t\t\t\t\t\t<\/div>\n\t\t\t\t<\/div>\n\t\t\t\t<div class=\"elementor-element elementor-element-ecee14f elementor-widget elementor-widget-image\" data-id=\"ecee14f\" data-element_type=\"widget\" data-e-type=\"widget\" data-widget_type=\"image.default\">\n\t\t\t\t<div class=\"elementor-widget-container\">\n\t\t\t\t\t\t\t\t\t\t\t\t\t\t\t<img loading=\"lazy\" decoding=\"async\" width=\"700\" height=\"936\" src=\"https:\/\/c2eg.fr\/wp-content\/uploads\/2023\/02\/IMG_20230223_185527-766x1024.jpg\" class=\"attachment-large size-large wp-image-1043\" alt=\"\" srcset=\"https:\/\/c2eg.fr\/wp-content\/uploads\/2023\/02\/IMG_20230223_185527-766x1024.jpg 766w, https:\/\/c2eg.fr\/wp-content\/uploads\/2023\/02\/IMG_20230223_185527-224x300.jpg 224w, https:\/\/c2eg.fr\/wp-content\/uploads\/2023\/02\/IMG_20230223_185527-768x1026.jpg 768w, https:\/\/c2eg.fr\/wp-content\/uploads\/2023\/02\/IMG_20230223_185527-1149x1536.jpg 1149w, https:\/\/c2eg.fr\/wp-content\/uploads\/2023\/02\/IMG_20230223_185527-1532x2048.jpg 1532w, https:\/\/c2eg.fr\/wp-content\/uploads\/2023\/02\/IMG_20230223_185527-scaled.jpg 1916w\" sizes=\"(max-width: 700px) 100vw, 700px\" \/>\t\t\t\t\t\t\t\t\t\t\t\t\t\t\t<\/div>\n\t\t\t\t<\/div>\n\t\t\t\t\t<\/div>\n\t\t<\/div>\n\t\t\t\t<div class=\"elementor-column elementor-col-33 elementor-top-column elementor-element elementor-element-e128724\" data-id=\"e128724\" data-element_type=\"column\" data-e-type=\"column\">\n\t\t\t<div class=\"elementor-widget-wrap elementor-element-populated\">\n\t\t\t\t\t\t<div class=\"elementor-element elementor-element-d505428 elementor-widget elementor-widget-text-editor\" data-id=\"d505428\" data-element_type=\"widget\" data-e-type=\"widget\" data-widget_type=\"text-editor.default\">\n\t\t\t\t<div class=\"elementor-widget-container\">\n\t\t\t\t\t\t\t\t\t<div class=\"\" dir=\"auto\"><div id=\"jsc_c_4l\" class=\"x1iorvi4 x1pi30zi x1swvt13 x1l90r2v\" data-ad-comet-preview=\"message\" data-ad-preview=\"message\"><div class=\"x78zum5 xdt5ytf xz62fqu x16ldp7u\"><div class=\"xu06os2 x1ok221b\"><div class=\"x11i5rnm xat24cr x1mh8g0r x1vvkbs xdj266r x126k92a\"><div dir=\"auto\" style=\"text-align: start;\">Le Club des Entrepreneurs de l&rsquo;Enclave des Papes et du pays de Grignan (C2EG) s&rsquo;est retrouv\u00e9 Jeudi 23 f\u00e9vrier au restaurant La Table Des D\u00e9lices, \u00e0 Grignan pour un \u00ab\u00a0atelier cuisine\u00a0\u00bb qui a tenu toutes ses promesses.<\/div><div dir=\"auto\" style=\"text-align: start;\">Les adh\u00e9rents ont ainsi r\u00e9alis\u00e9 les plats, qu&rsquo;ils ont ensuite d\u00e9gust\u00e9s, sous l&rsquo;oeil avis\u00e9 et professionnel du chef Eric Rolland et de son second Jean-Baptiste Julien, aid\u00e9s par Marie et Ginette au service.<\/div><div dir=\"auto\" style=\"text-align: start;\">Un excellent moment de l&rsquo;avis de tous pour C2EG qui remercie chaleureusement l&rsquo;\u00e9quipe du restaurant.<\/div><\/div><\/div><\/div><\/div><\/div><p>\u00a0<\/p>\t\t\t\t\t\t\t\t<\/div>\n\t\t\t\t<\/div>\n\t\t\t\t\t<\/div>\n\t\t<\/div>\n\t\t\t\t\t<\/div>\n\t\t<\/section>\n\t\t\t\t<section class=\"elementor-section elementor-top-section elementor-element elementor-element-8e6c93b elementor-section-boxed elementor-section-height-default elementor-section-height-default\" data-id=\"8e6c93b\" data-element_type=\"section\" data-e-type=\"section\">\n\t\t\t\t\t\t<div class=\"elementor-container elementor-column-gap-default\">\n\t\t\t\t\t<div class=\"elementor-column elementor-col-50 elementor-top-column elementor-element elementor-element-f523791\" data-id=\"f523791\" data-element_type=\"column\" data-e-type=\"column\">\n\t\t\t<div class=\"elementor-widget-wrap elementor-element-populated\">\n\t\t\t\t\t\t<div class=\"elementor-element elementor-element-44df20e elementor-widget elementor-widget-text-editor\" data-id=\"44df20e\" data-element_type=\"widget\" data-e-type=\"widget\" data-widget_type=\"text-editor.default\">\n\t\t\t\t<div class=\"elementor-widget-container\">\n\t\t\t\t\t\t\t\t\t<h3><span style=\"color: #008080;\">Le Patrimoine industriel du territoire<\/span><\/h3>\t\t\t\t\t\t\t\t<\/div>\n\t\t\t\t<\/div>\n\t\t\t\t<div class=\"elementor-element elementor-element-91b1c83 elementor-widget elementor-widget-image\" data-id=\"91b1c83\" data-element_type=\"widget\" data-e-type=\"widget\" data-widget_type=\"image.default\">\n\t\t\t\t<div class=\"elementor-widget-container\">\n\t\t\t\t\t\t\t\t\t\t\t\t\t\t\t<img loading=\"lazy\" decoding=\"async\" width=\"700\" height=\"467\" src=\"https:\/\/c2eg.fr\/wp-content\/uploads\/2022\/12\/20221214_171055-1024x683.jpg\" class=\"attachment-large size-large wp-image-979\" alt=\"\" srcset=\"https:\/\/c2eg.fr\/wp-content\/uploads\/2022\/12\/20221214_171055-1024x683.jpg 1024w, https:\/\/c2eg.fr\/wp-content\/uploads\/2022\/12\/20221214_171055-300x200.jpg 300w, https:\/\/c2eg.fr\/wp-content\/uploads\/2022\/12\/20221214_171055-768x512.jpg 768w, https:\/\/c2eg.fr\/wp-content\/uploads\/2022\/12\/20221214_171055-1536x1024.jpg 1536w, https:\/\/c2eg.fr\/wp-content\/uploads\/2022\/12\/20221214_171055-2048x1365.jpg 2048w\" sizes=\"(max-width: 700px) 100vw, 700px\" \/>\t\t\t\t\t\t\t\t\t\t\t\t\t\t\t<\/div>\n\t\t\t\t<\/div>\n\t\t\t\t\t<\/div>\n\t\t<\/div>\n\t\t\t\t<div class=\"elementor-column elementor-col-50 elementor-top-column elementor-element elementor-element-1d446fa\" data-id=\"1d446fa\" data-element_type=\"column\" data-e-type=\"column\">\n\t\t\t<div class=\"elementor-widget-wrap elementor-element-populated\">\n\t\t\t\t\t\t<div class=\"elementor-element elementor-element-549d398 elementor-widget elementor-widget-text-editor\" data-id=\"549d398\" data-element_type=\"widget\" data-e-type=\"widget\" data-widget_type=\"text-editor.default\">\n\t\t\t\t<div class=\"elementor-widget-container\">\n\t\t\t\t\t\t\t\t\t<p>Le <b>mercredi 14 d\u00e9cembre 2022, <\/b>le Club organisait une rencontre des adh\u00e9rents sur la th\u00e9matique du patrimoine industriel du territoire pass\u00e9 et pr\u00e9sent.<br \/><br \/><b>A 16h<\/b>, Benoit et Thomas Palayret nous ont accueilli au sein de leur entreprise de Cartonnage pour une visite de leur outil de production (8 Zone Artisanale Nord, 26230 Grignan).<br \/><br \/><b>A<\/b> <b>17h, <\/b>c\u2019est au<b> <\/b>mus\u00e9e du Cartonnage et de l\u2019imprimerie de Valr\u00e9as que nous nous sommes retrouv\u00e9s autour de Virginie Vincent-Jardin pour une visite comment\u00e9e du mus\u00e9e.<br \/><br \/>M. Henry Veyradier, historien local, est ensuite intervenu sur le pass\u00e9 industriel du territoire.<br \/><br \/>La rencontre s\u2019est termin\u00e9e autour du verre de l\u2019amiti\u00e9.<br \/><br \/>Bonnes f\u00eates de fin d\u2019ann\u00e9e \u00e0 tous!<\/p>\t\t\t\t\t\t\t\t<\/div>\n\t\t\t\t<\/div>\n\t\t\t\t\t<\/div>\n\t\t<\/div>\n\t\t\t\t\t<\/div>\n\t\t<\/section>\n\t\t\t\t<\/div>\n\t\t","protected":false},"excerpt":{"rendered":"<p>Les derni\u00e8res news ! \u00a0 Petits D\u00e8j du Club \u00a0par\u00a0Admin Aujourd&rsquo;hui \u00e0 8:42 \u00a0 Un premier petit D\u00e8j s&rsquo;est d\u00e9roul\u00e9 le vendredi 27 juin dernier au Campus Connect\u00e9 de Valr\u00e9as. Ce sympathique moment aura une suite le vendredi 19 septembre prochain. Ils devraient avoir lieu le 3 \u00e8me vendredi de chaque mois. Repas d&rsquo;entreprises Les [&hellip;]<\/p>\n","protected":false},"author":1,"featured_media":0,"parent":0,"menu_order":0,"comment_status":"closed","ping_status":"closed","template":"","meta":{"material-hide-sections":[],"footnotes":""},"class_list":["post-1067","page","type-page","status-publish","hentry"],"_links":{"self":[{"href":"https:\/\/c2eg.fr\/index.php\/wp-json\/wp\/v2\/pages\/1067","targetHints":{"allow":["GET"]}}],"collection":[{"href":"https:\/\/c2eg.fr\/index.php\/wp-json\/wp\/v2\/pages"}],"about":[{"href":"https:\/\/c2eg.fr\/index.php\/wp-json\/wp\/v2\/types\/page"}],"author":[{"embeddable":true,"href":"https:\/\/c2eg.fr\/index.php\/wp-json\/wp\/v2\/users\/1"}],"replies":[{"embeddable":true,"href":"https:\/\/c2eg.fr\/index.php\/wp-json\/wp\/v2\/comments?post=1067"}],"version-history":[{"count":40,"href":"https:\/\/c2eg.fr\/index.php\/wp-json\/wp\/v2\/pages\/1067\/revisions"}],"predecessor-version":[{"id":9837,"href":"https:\/\/c2eg.fr\/index.php\/wp-json\/wp\/v2\/pages\/1067\/revisions\/9837"}],"wp:attachment":[{"href":"https:\/\/c2eg.fr\/index.php\/wp-json\/wp\/v2\/media?parent=1067"}],"curies":[{"name":"wp","href":"https:\/\/api.w.org\/{rel}","templated":true}]}}