{"id":180,"date":"2021-05-03T15:12:33","date_gmt":"2021-05-03T13:12:33","guid":{"rendered":"https:\/\/c2eg.fr\/?page_id=180"},"modified":"2025-02-06T14:49:50","modified_gmt":"2025-02-06T13:49:50","slug":"c2eg-qui-sommes-nous","status":"publish","type":"page","link":"https:\/\/c2eg.fr\/index.php\/c2eg-qui-sommes-nous\/","title":{"rendered":"C2EG : Qui sommes nous?"},"content":{"rendered":"\t\t<div data-elementor-type=\"wp-page\" data-elementor-id=\"180\" class=\"elementor elementor-180\">\n\t\t\t\t\t\t<section class=\"elementor-section elementor-top-section elementor-element elementor-element-6c3de8f5 elementor-section-boxed elementor-section-height-default elementor-section-height-default\" data-id=\"6c3de8f5\" data-element_type=\"section\" data-e-type=\"section\">\n\t\t\t\t\t\t<div class=\"elementor-container elementor-column-gap-default\">\n\t\t\t\t\t<div class=\"elementor-column elementor-col-100 elementor-top-column elementor-element elementor-element-671a133b\" data-id=\"671a133b\" data-element_type=\"column\" data-e-type=\"column\">\n\t\t\t<div class=\"elementor-widget-wrap elementor-element-populated\">\n\t\t\t\t\t\t<div class=\"elementor-element elementor-element-2d91cd8e elementor-widget elementor-widget-text-editor\" data-id=\"2d91cd8e\" data-element_type=\"widget\" data-e-type=\"widget\" data-widget_type=\"text-editor.default\">\n\t\t\t\t<div class=\"elementor-widget-container\">\n\t\t\t\t\t\t\t\t\t\n<blockquote class=\"wp-block-quote is-style-large is-layout-flow wp-block-quote-is-layout-flow\">\n<h5>Le Club des entrepreneurs de l&rsquo;Enclave des Papes et des Pays de Grignan, cr\u00e9\u00e9 en mars 2014, regroupe les acteurs \u00e9conomiques et dirigeants d&rsquo;entreprises du territoire, \u00e0 la recherche d&rsquo;informations, d&rsquo;\u00e9changes et de connaissances.<\/h5>\n<h5>Il f\u00e9d\u00e8re \u00e0 ce jour plus d&rsquo;une quarantaine d&rsquo;acteurs \u00e9conomiques, pr\u00e8s de 1500 salari\u00e9s du territoire de <em>l&rsquo;Enclave des Papes et des Pays de Grignan<\/em> et est compos\u00e9 d&rsquo;un panel repr\u00e9sentatif de nombreux secteurs d&rsquo;activit\u00e9s au sein du bureau et de ses adh\u00e9rents.<\/h5>\n<h5>Administr\u00e9 par un bureau de 9 membres, C2EG est avant tout facilitateur. Ses actions sont bas\u00e9es sur la dialogue, la mutualisation des savoirs faire et des pratiques professionnelles ou encore la convivialit\u00e9.<\/h5>\n<\/blockquote>\n\t\t\t\t\t\t\t\t<\/div>\n\t\t\t\t<\/div>\n\t\t\t\t\t<\/div>\n\t\t<\/div>\n\t\t\t\t\t<\/div>\n\t\t<\/section>\n\t\t\t\t<section class=\"elementor-section elementor-top-section elementor-element elementor-element-4342507 elementor-section-boxed elementor-section-height-default elementor-section-height-default\" data-id=\"4342507\" data-element_type=\"section\" data-e-type=\"section\">\n\t\t\t\t\t\t<div class=\"elementor-container elementor-column-gap-default\">\n\t\t\t\t\t<div class=\"elementor-column elementor-col-100 elementor-top-column elementor-element elementor-element-ce3c28d\" data-id=\"ce3c28d\" data-element_type=\"column\" data-e-type=\"column\">\n\t\t\t<div class=\"elementor-widget-wrap elementor-element-populated\">\n\t\t\t\t\t\t<div class=\"elementor-element elementor-element-715857b elementor-widget elementor-widget-text-editor\" data-id=\"715857b\" data-element_type=\"widget\" data-e-type=\"widget\" data-widget_type=\"text-editor.default\">\n\t\t\t\t<div class=\"elementor-widget-container\">\n\t\t\t\t\t\t\t\t\t<h5><a href=\"https:\/\/c2eg.fr\/index.php\/nos-adherents-et-partenaires\/\"><span style=\"color: #33cccc;\">Nos adh\u00e9rents et partenaires<\/span><\/a><\/h5>\t\t\t\t\t\t\t\t<\/div>\n\t\t\t\t<\/div>\n\t\t\t\t\t<\/div>\n\t\t<\/div>\n\t\t\t\t\t<\/div>\n\t\t<\/section>\n\t\t\t\t<\/div>\n\t\t","protected":false},"excerpt":{"rendered":"<p>Le Club des entrepreneurs de l&rsquo;Enclave des Papes et des Pays de Grignan, cr\u00e9\u00e9 en mars 2014, regroupe les acteurs \u00e9conomiques et dirigeants d&rsquo;entreprises du territoire, \u00e0 la recherche d&rsquo;informations, d&rsquo;\u00e9changes et de connaissances. Il f\u00e9d\u00e8re \u00e0 ce jour plus d&rsquo;une quarantaine d&rsquo;acteurs \u00e9conomiques, pr\u00e8s de 1500 salari\u00e9s du territoire de l&rsquo;Enclave des Papes et [&hellip;]<\/p>\n","protected":false},"author":2,"featured_media":0,"parent":0,"menu_order":0,"comment_status":"closed","ping_status":"closed","template":"","meta":{"material-hide-sections":[],"footnotes":""},"class_list":["post-180","page","type-page","status-publish","hentry"],"_links":{"self":[{"href":"https:\/\/c2eg.fr\/index.php\/wp-json\/wp\/v2\/pages\/180","targetHints":{"allow":["GET"]}}],"collection":[{"href":"https:\/\/c2eg.fr\/index.php\/wp-json\/wp\/v2\/pages"}],"about":[{"href":"https:\/\/c2eg.fr\/index.php\/wp-json\/wp\/v2\/types\/page"}],"author":[{"embeddable":true,"href":"https:\/\/c2eg.fr\/index.php\/wp-json\/wp\/v2\/users\/2"}],"replies":[{"embeddable":true,"href":"https:\/\/c2eg.fr\/index.php\/wp-json\/wp\/v2\/comments?post=180"}],"version-history":[{"count":11,"href":"https:\/\/c2eg.fr\/index.php\/wp-json\/wp\/v2\/pages\/180\/revisions"}],"predecessor-version":[{"id":8058,"href":"https:\/\/c2eg.fr\/index.php\/wp-json\/wp\/v2\/pages\/180\/revisions\/8058"}],"wp:attachment":[{"href":"https:\/\/c2eg.fr\/index.php\/wp-json\/wp\/v2\/media?parent=180"}],"curies":[{"name":"wp","href":"https:\/\/api.w.org\/{rel}","templated":true}]}}