{"id":198,"date":"2021-05-03T16:20:08","date_gmt":"2021-05-03T14:20:08","guid":{"rendered":"https:\/\/c2eg.fr\/?page_id=198"},"modified":"2025-05-14T11:32:14","modified_gmt":"2025-05-14T09:32:14","slug":"contactemploi","status":"publish","type":"page","link":"https:\/\/c2eg.fr\/index.php\/contactemploi\/","title":{"rendered":"Contact&rsquo;Emploi"},"content":{"rendered":"\t\t<div data-elementor-type=\"wp-page\" data-elementor-id=\"198\" class=\"elementor elementor-198\">\n\t\t\t\t\t\t<section class=\"elementor-section elementor-top-section elementor-element elementor-element-6aa2fbc2 elementor-section-boxed elementor-section-height-default elementor-section-height-default\" data-id=\"6aa2fbc2\" data-element_type=\"section\" data-e-type=\"section\">\n\t\t\t\t\t\t<div class=\"elementor-container elementor-column-gap-default\">\n\t\t\t\t\t<div class=\"elementor-column elementor-col-100 elementor-top-column elementor-element elementor-element-35706e62\" data-id=\"35706e62\" data-element_type=\"column\" data-e-type=\"column\">\n\t\t\t<div class=\"elementor-widget-wrap elementor-element-populated\">\n\t\t\t\t\t\t<section class=\"elementor-section elementor-inner-section elementor-element elementor-element-ef9cc33 elementor-section-boxed elementor-section-height-default elementor-section-height-default\" data-id=\"ef9cc33\" data-element_type=\"section\" data-e-type=\"section\">\n\t\t\t\t\t\t<div class=\"elementor-container elementor-column-gap-default\">\n\t\t\t\t\t<div class=\"elementor-column elementor-col-50 elementor-inner-column elementor-element elementor-element-e86890c\" data-id=\"e86890c\" data-element_type=\"column\" data-e-type=\"column\">\n\t\t\t<div class=\"elementor-widget-wrap elementor-element-populated\">\n\t\t\t\t\t\t<div class=\"elementor-element elementor-element-69ebf15 elementor-widget elementor-widget-image\" data-id=\"69ebf15\" data-element_type=\"widget\" data-e-type=\"widget\" data-widget_type=\"image.default\">\n\t\t\t\t<div class=\"elementor-widget-container\">\n\t\t\t\t\t\t\t\t\t\t\t\t\t\t\t<img decoding=\"async\" src=\"https:\/\/c2eg.fr\/wp-content\/uploads\/2025\/02\/Visuel-contact-A5.png\" title=\"Visuel contact A5\" alt=\"Visuel contact A5\" loading=\"lazy\" \/>\t\t\t\t\t\t\t\t\t\t\t\t\t\t\t<\/div>\n\t\t\t\t<\/div>\n\t\t\t\t\t<\/div>\n\t\t<\/div>\n\t\t\t\t<div class=\"elementor-column elementor-col-50 elementor-inner-column elementor-element elementor-element-4dd952e\" data-id=\"4dd952e\" data-element_type=\"column\" data-e-type=\"column\">\n\t\t\t<div class=\"elementor-widget-wrap elementor-element-populated\">\n\t\t\t\t\t\t<div class=\"elementor-element elementor-element-e82519c elementor-widget elementor-widget-text-editor\" data-id=\"e82519c\" data-element_type=\"widget\" data-e-type=\"widget\" data-widget_type=\"text-editor.default\">\n\t\t\t\t<div class=\"elementor-widget-container\">\n\t\t\t\t\t\t\t\t\t<p>Le Club organise chaque ann\u00e9e Contact\u2019Emploi \u00e0 la Cit\u00e9 du V\u00e9g\u00e9tal \u00e0 Valr\u00e9as.<\/p>\n<p><!-- \/wp:paragraph --><!-- wp:paragraph --><\/p>\n<p>Principe\u00a0: Les candidats doivent\u00a0se pr\u00e9senter sur place le jour \u00ab J \u00bb, munis de leur CV, sans s\u00e9lection pr\u00e9alable. Ils ont alors une dizaine de minutes pour mettre en avant leurs comp\u00e9tences et aptitudes dans le cadre de <em>Job Dating<\/em>.\u00a0Cette rencontre permet une mise en relation directe des candidats avec les entreprises qui ont des projets de recrutement en levant les difficult\u00e9s rencontr\u00e9es dans le cadre de la recherche d\u2019un emploi.<\/p>\n<p><!-- \/wp:paragraph --><!-- wp:paragraph --><\/p>\n<p>Lors de chaque \u00e9dition, des dizaines d\u2019emplois sont cr\u00e9\u00e9s, cette journ\u00e9e est une action phare pour le club d\u2019entreprises qui a le soutien de la CCEPPG, de l&rsquo; Agence nationale de la coh\u00e9sion des territoires et du D\u00e9partement de Vaucluse \u00e0 travers le Contrat de ville de la commune de Valr\u00e9as.<\/p>\n<p><!-- \/wp:paragraph --><!-- wp:paragraph --><\/p>\n<p>EDITION 2025 : <strong>Le Jeudi 15 mai 2025 de 15h \u00e0 19h <\/strong>\u00e0 la Salle du Vignar\u00e8s \u00e0 Valr\u00e9as.<strong><br \/><\/strong><\/p>\n<p><!-- \/wp:paragraph --><!-- wp:paragraph --><\/p>\n<p>Vous pouvez retrouver les premi\u00e8res offres en cliquant <a href=\"https:\/\/c2eg.fr\/wp-content\/uploads\/2025\/05\/Offres-partenaires-5.pdf\">ici<\/a><\/p>\n<p>\u00a0<\/p>\t\t\t\t\t\t\t\t<\/div>\n\t\t\t\t<\/div>\n\t\t\t\t\t<\/div>\n\t\t<\/div>\n\t\t\t\t\t<\/div>\n\t\t<\/section>\n\t\t\t\t\t<\/div>\n\t\t<\/div>\n\t\t\t\t\t<\/div>\n\t\t<\/section>\n\t\t\t\t<\/div>\n\t\t","protected":false},"excerpt":{"rendered":"<p>Le Club organise chaque ann\u00e9e Contact\u2019Emploi \u00e0 la Cit\u00e9 du V\u00e9g\u00e9tal \u00e0 Valr\u00e9as. Principe\u00a0: Les candidats doivent\u00a0se pr\u00e9senter sur place le jour \u00ab J \u00bb, munis de leur CV, sans s\u00e9lection pr\u00e9alable. Ils ont alors une dizaine de minutes pour mettre en avant leurs comp\u00e9tences et aptitudes dans le cadre de Job Dating.\u00a0Cette rencontre permet [&hellip;]<\/p>\n","protected":false},"author":2,"featured_media":0,"parent":0,"menu_order":0,"comment_status":"closed","ping_status":"closed","template":"","meta":{"material-hide-sections":[],"footnotes":""},"class_list":["post-198","page","type-page","status-publish","hentry"],"_links":{"self":[{"href":"https:\/\/c2eg.fr\/index.php\/wp-json\/wp\/v2\/pages\/198","targetHints":{"allow":["GET"]}}],"collection":[{"href":"https:\/\/c2eg.fr\/index.php\/wp-json\/wp\/v2\/pages"}],"about":[{"href":"https:\/\/c2eg.fr\/index.php\/wp-json\/wp\/v2\/types\/page"}],"author":[{"embeddable":true,"href":"https:\/\/c2eg.fr\/index.php\/wp-json\/wp\/v2\/users\/2"}],"replies":[{"embeddable":true,"href":"https:\/\/c2eg.fr\/index.php\/wp-json\/wp\/v2\/comments?post=198"}],"version-history":[{"count":40,"href":"https:\/\/c2eg.fr\/index.php\/wp-json\/wp\/v2\/pages\/198\/revisions"}],"predecessor-version":[{"id":9135,"href":"https:\/\/c2eg.fr\/index.php\/wp-json\/wp\/v2\/pages\/198\/revisions\/9135"}],"wp:attachment":[{"href":"https:\/\/c2eg.fr\/index.php\/wp-json\/wp\/v2\/media?parent=198"}],"curies":[{"name":"wp","href":"https:\/\/api.w.org\/{rel}","templated":true}]}}