{"id":202,"date":"2024-05-03T16:22:00","date_gmt":"2024-05-03T14:22:00","guid":{"rendered":"https:\/\/c2eg.fr\/?page_id=202"},"modified":"2024-05-15T13:45:42","modified_gmt":"2024-05-15T11:45:42","slug":"notre-actualite","status":"publish","type":"page","link":"https:\/\/c2eg.fr\/index.php\/notre-actualite\/","title":{"rendered":"Contact&rsquo;Emploi 2024"},"content":{"rendered":"\t\t<div data-elementor-type=\"wp-page\" data-elementor-id=\"202\" class=\"elementor elementor-202\">\n\t\t\t\t\t\t<section class=\"elementor-section elementor-top-section elementor-element elementor-element-29980db4 elementor-section-boxed elementor-section-height-default elementor-section-height-default\" data-id=\"29980db4\" data-element_type=\"section\" data-e-type=\"section\">\n\t\t\t\t\t\t<div class=\"elementor-container elementor-column-gap-default\">\n\t\t\t\t\t<div class=\"elementor-column elementor-col-100 elementor-top-column elementor-element elementor-element-166dc8ec\" data-id=\"166dc8ec\" data-element_type=\"column\" data-e-type=\"column\">\n\t\t\t<div class=\"elementor-widget-wrap elementor-element-populated\">\n\t\t\t\t\t\t<div class=\"elementor-element elementor-element-6a76076c elementor-widget elementor-widget-text-editor\" data-id=\"6a76076c\" data-element_type=\"widget\" data-e-type=\"widget\" data-widget_type=\"text-editor.default\">\n\t\t\t\t<div class=\"elementor-widget-container\">\n\t\t\t\t\t\t\t\t\t<p><\/p>\n<p>La date de Contact\u2019Emploi 2024 a \u00e9t\u00e9 fix\u00e9e au <strong><u>Mercedi 22 mai 2024<\/u><\/strong> de 13h30 \u00e0 17h30.<\/p>\n<p><\/p>\n<p><\/p>\n<p>La manifestation se d\u00e9roulera \u00e0 la salle du Vignar\u00e8s \u00e0 Valr\u00e9as,\u00a0<\/p>\n<p><strong><span style=\"color: #3366ff;\">Venez nombreux \u00e0 la rencontre d&rsquo;entreprises locales qui recrutent.<\/span><\/strong><\/p>\n<p><\/p>\n<p><\/p>\n<figure class=\"wp-block-gallery has-nested-images columns-default is-cropped wp-block-gallery-2 is-layout-flex wp-block-gallery-is-layout-flex\">\n<p>\u00a0<\/p>\n<figure class=\"wp-block-image size-large\"><a href=\"https:\/\/c2eg.fr\/index.php\/2024\/05\/07\/contactemploi-lensemble-des-offres\/\"><img fetchpriority=\"high\" decoding=\"async\" data-id=\"1119\" class=\"wp-image-4977 size-full aligncenter\" src=\"https:\/\/c2eg.fr\/wp-content\/uploads\/2024\/05\/affiche-A5-C2EG-2024-HD-22-MAI-1.jpg\" alt=\"\" width=\"1796\" height=\"2528\" srcset=\"https:\/\/c2eg.fr\/wp-content\/uploads\/2024\/05\/affiche-A5-C2EG-2024-HD-22-MAI-1.jpg 1796w, https:\/\/c2eg.fr\/wp-content\/uploads\/2024\/05\/affiche-A5-C2EG-2024-HD-22-MAI-1-213x300.jpg 213w, https:\/\/c2eg.fr\/wp-content\/uploads\/2024\/05\/affiche-A5-C2EG-2024-HD-22-MAI-1-727x1024.jpg 727w, https:\/\/c2eg.fr\/wp-content\/uploads\/2024\/05\/affiche-A5-C2EG-2024-HD-22-MAI-1-768x1081.jpg 768w, https:\/\/c2eg.fr\/wp-content\/uploads\/2024\/05\/affiche-A5-C2EG-2024-HD-22-MAI-1-1091x1536.jpg 1091w, https:\/\/c2eg.fr\/wp-content\/uploads\/2024\/05\/affiche-A5-C2EG-2024-HD-22-MAI-1-1455x2048.jpg 1455w\" sizes=\"(max-width: 1796px) 100vw, 1796px\" \/><\/a><\/figure>\n<p><\/p>\n<\/figure>\n<p><\/p>\n<p><\/p>\n<p><\/p>\t\t\t\t\t\t\t\t<\/div>\n\t\t\t\t<\/div>\n\t\t\t\t\t<\/div>\n\t\t<\/div>\n\t\t\t\t\t<\/div>\n\t\t<\/section>\n\t\t\t\t<\/div>\n\t\t","protected":false},"excerpt":{"rendered":"<p>La date de Contact\u2019Emploi 2024 a \u00e9t\u00e9 fix\u00e9e au Mercedi 22 mai 2024 de 13h30 \u00e0 17h30. La manifestation se d\u00e9roulera \u00e0 la salle du Vignar\u00e8s \u00e0 Valr\u00e9as,\u00a0 Venez nombreux \u00e0 la rencontre d&rsquo;entreprises locales qui recrutent.<\/p>\n","protected":false},"author":2,"featured_media":0,"parent":0,"menu_order":0,"comment_status":"closed","ping_status":"closed","template":"","meta":{"material-hide-sections":[],"footnotes":""},"class_list":["post-202","page","type-page","status-publish","hentry"],"_links":{"self":[{"href":"https:\/\/c2eg.fr\/index.php\/wp-json\/wp\/v2\/pages\/202","targetHints":{"allow":["GET"]}}],"collection":[{"href":"https:\/\/c2eg.fr\/index.php\/wp-json\/wp\/v2\/pages"}],"about":[{"href":"https:\/\/c2eg.fr\/index.php\/wp-json\/wp\/v2\/types\/page"}],"author":[{"embeddable":true,"href":"https:\/\/c2eg.fr\/index.php\/wp-json\/wp\/v2\/users\/2"}],"replies":[{"embeddable":true,"href":"https:\/\/c2eg.fr\/index.php\/wp-json\/wp\/v2\/comments?post=202"}],"version-history":[{"count":26,"href":"https:\/\/c2eg.fr\/index.php\/wp-json\/wp\/v2\/pages\/202\/revisions"}],"predecessor-version":[{"id":5128,"href":"https:\/\/c2eg.fr\/index.php\/wp-json\/wp\/v2\/pages\/202\/revisions\/5128"}],"wp:attachment":[{"href":"https:\/\/c2eg.fr\/index.php\/wp-json\/wp\/v2\/media?parent=202"}],"curies":[{"name":"wp","href":"https:\/\/api.w.org\/{rel}","templated":true}]}}