{"id":8032,"date":"2025-02-06T12:24:54","date_gmt":"2025-02-06T11:24:54","guid":{"rendered":"https:\/\/c2eg.fr\/?page_id=8032"},"modified":"2025-02-06T14:15:45","modified_gmt":"2025-02-06T13:15:45","slug":"elementor-8032","status":"publish","type":"page","link":"https:\/\/c2eg.fr\/index.php\/elementor-8032\/","title":{"rendered":"Le forum du club"},"content":{"rendered":"\t\t<div data-elementor-type=\"wp-page\" data-elementor-id=\"8032\" class=\"elementor elementor-8032\">\n\t\t\t\t\t\t<section class=\"elementor-section elementor-top-section elementor-element elementor-element-288f047 elementor-section-boxed elementor-section-height-default elementor-section-height-default\" data-id=\"288f047\" data-element_type=\"section\" data-e-type=\"section\">\n\t\t\t\t\t\t<div class=\"elementor-container elementor-column-gap-default\">\n\t\t\t\t\t<div class=\"elementor-column elementor-col-100 elementor-top-column elementor-element elementor-element-fe74c5d\" data-id=\"fe74c5d\" data-element_type=\"column\" data-e-type=\"column\">\n\t\t\t<div class=\"elementor-widget-wrap elementor-element-populated\">\n\t\t\t\t\t\t<div class=\"elementor-element elementor-element-3a8c4b7 elementor-widget elementor-widget-text-editor\" data-id=\"3a8c4b7\" data-element_type=\"widget\" data-e-type=\"widget\" data-widget_type=\"text-editor.default\">\n\t\t\t\t<div class=\"elementor-widget-container\">\n\t\t\t\t\t\t\t\t\t<p>Le bureau de C2EG a souhait\u00e9 mettre en place une syst\u00e8me rapide, simple, permettant \u00e0 chacun de partager des informations, bons plans, process, afin de faciliter la taches des autres membres.<\/p><p>Nous mettons donc en test ce \u00ab\u00a0forum\u00a0\u00bb qui permettra a chacun d&rsquo;entrer en interaction facile avec d&rsquo;autres adh\u00e9rents.<\/p>\t\t\t\t\t\t\t\t<\/div>\n\t\t\t\t<\/div>\n\t\t\t\t<div class=\"elementor-element elementor-element-8b3f85a elementor-button-danger elementor-align-center elementor-widget__width-inherit animated-slow elementor-invisible elementor-widget elementor-widget-button\" data-id=\"8b3f85a\" data-element_type=\"widget\" data-e-type=\"widget\" data-settings=\"{&quot;_animation&quot;:&quot;fadeIn&quot;}\" data-widget_type=\"button.default\">\n\t\t\t\t<div class=\"elementor-widget-container\">\n\t\t\t\t\t\t\t\t\t<div class=\"elementor-button-wrapper\">\n\t\t\t\t\t<a class=\"elementor-button elementor-button-link elementor-size-sm\" href=\"https:\/\/c2eg.forumactif.com\/\" target=\"_blank\">\n\t\t\t\t\t\t<span class=\"elementor-button-content-wrapper\">\n\t\t\t\t\t\t\t\t\t<span class=\"elementor-button-text\">Cliquez ici pour acc\u00e9der au forum du club<\/span>\n\t\t\t\t\t<\/span>\n\t\t\t\t\t<\/a>\n\t\t\t\t<\/div>\n\t\t\t\t\t\t\t\t<\/div>\n\t\t\t\t<\/div>\n\t\t\t\t<div class=\"elementor-element elementor-element-b439036 elementor-widget elementor-widget-text-editor\" data-id=\"b439036\" data-element_type=\"widget\" data-e-type=\"widget\" data-widget_type=\"text-editor.default\">\n\t\t\t\t<div class=\"elementor-widget-container\">\n\t\t\t\t\t\t\t\t\t<h5 style=\"text-align: center;\"><span style=\"color: #000000;\">Lors de votre premi\u00e8re connexion, vous serez invit\u00e9 \u00e0 vous inscrire en cliquant sur le bouton en bas \u00e0 gauche.<\/span><\/h5>\t\t\t\t\t\t\t\t<\/div>\n\t\t\t\t<\/div>\n\t\t\t\t\t<\/div>\n\t\t<\/div>\n\t\t\t\t\t<\/div>\n\t\t<\/section>\n\t\t\t\t<section class=\"elementor-section elementor-top-section elementor-element elementor-element-d60a093 elementor-section-boxed elementor-section-height-default elementor-section-height-default\" data-id=\"d60a093\" data-element_type=\"section\" data-e-type=\"section\">\n\t\t\t\t\t\t<div class=\"elementor-container elementor-column-gap-default\">\n\t\t\t\t\t<div class=\"elementor-column elementor-col-100 elementor-top-column elementor-element elementor-element-d83f97c\" data-id=\"d83f97c\" data-element_type=\"column\" data-e-type=\"column\">\n\t\t\t<div class=\"elementor-widget-wrap\">\n\t\t\t\t\t\t\t<\/div>\n\t\t<\/div>\n\t\t\t\t\t<\/div>\n\t\t<\/section>\n\t\t\t\t<\/div>\n\t\t","protected":false},"excerpt":{"rendered":"<p>Le bureau de C2EG a souhait\u00e9 mettre en place une syst\u00e8me rapide, simple, permettant \u00e0 chacun de partager des informations, bons plans, process, afin de faciliter la taches des autres membres. Nous mettons donc en test ce \u00ab\u00a0forum\u00a0\u00bb qui permettra a chacun d&rsquo;entrer en interaction facile avec d&rsquo;autres adh\u00e9rents. Cliquez ici pour acc\u00e9der au forum [&hellip;]<\/p>\n","protected":false},"author":1,"featured_media":0,"parent":0,"menu_order":0,"comment_status":"closed","ping_status":"closed","template":"","meta":{"material-hide-sections":[],"footnotes":""},"class_list":["post-8032","page","type-page","status-publish","hentry"],"_links":{"self":[{"href":"https:\/\/c2eg.fr\/index.php\/wp-json\/wp\/v2\/pages\/8032","targetHints":{"allow":["GET"]}}],"collection":[{"href":"https:\/\/c2eg.fr\/index.php\/wp-json\/wp\/v2\/pages"}],"about":[{"href":"https:\/\/c2eg.fr\/index.php\/wp-json\/wp\/v2\/types\/page"}],"author":[{"embeddable":true,"href":"https:\/\/c2eg.fr\/index.php\/wp-json\/wp\/v2\/users\/1"}],"replies":[{"embeddable":true,"href":"https:\/\/c2eg.fr\/index.php\/wp-json\/wp\/v2\/comments?post=8032"}],"version-history":[{"count":17,"href":"https:\/\/c2eg.fr\/index.php\/wp-json\/wp\/v2\/pages\/8032\/revisions"}],"predecessor-version":[{"id":8053,"href":"https:\/\/c2eg.fr\/index.php\/wp-json\/wp\/v2\/pages\/8032\/revisions\/8053"}],"wp:attachment":[{"href":"https:\/\/c2eg.fr\/index.php\/wp-json\/wp\/v2\/media?parent=8032"}],"curies":[{"name":"wp","href":"https:\/\/api.w.org\/{rel}","templated":true}]}}